{"id":56,"date":"2024-09-09T22:30:15","date_gmt":"2024-09-09T20:30:15","guid":{"rendered":"https:\/\/solen-lombard.fr\/?page_id=56"},"modified":"2025-12-12T00:19:46","modified_gmt":"2025-12-11T23:19:46","slug":"solen-lombard-a-propos","status":"publish","type":"page","link":"https:\/\/solen-lombard.fr\/index.php\/solen-lombard-a-propos\/","title":{"rendered":"Solen Lombard &#8211; A propos"},"content":{"rendered":"<div data-colibri-id=\"56-c1\" class=\"style-502 style-local-56-c1 position-relative\">\n  <!----><\/p>\n<div data-colibri-component=\"section\" data-colibri-id=\"56-c2\" id=\"initial-content\" class=\"h-section h-section-global-spacing d-flex align-items-lg-center align-items-md-center align-items-center style-503 style-local-56-c2 position-relative\">\n    <!----><br \/>\n    <!----><\/p>\n<div class=\"h-section-grid-container h-section-boxed-container\">\n      <!----><\/p>\n<div data-colibri-id=\"56-c3\" class=\"h-row-container gutters-row-lg-2 gutters-row-md-2 gutters-row-0 gutters-row-v-lg-2 gutters-row-v-md-2 gutters-row-v-2 style-504 style-local-56-c3 position-relative\">\n        <!----><\/p>\n<div class=\"h-row justify-content-lg-center justify-content-md-center justify-content-center align-items-lg-stretch align-items-md-stretch align-items-stretch gutters-col-lg-2 gutters-col-md-2 gutters-col-0 gutters-col-v-lg-2 gutters-col-v-md-2 gutters-col-v-2\">\n          <!----><\/p>\n<div class=\"h-column h-column-container d-flex h-col-lg-auto h-col-md-auto h-col-auto style-505-outer style-local-56-c4-outer\">\n<div data-colibri-id=\"56-c4\" class=\"d-flex h-flex-basis h-column__inner h-px-lg-2 h-px-md-2 h-px-2 v-inner-lg-2 v-inner-md-2 v-inner-2 style-505 style-local-56-c4 position-relative\">\n              <!----><br \/>\n              <!----><\/p>\n<div class=\"w-100 h-y-container h-column__content h-column__v-align flex-basis-100 align-self-lg-start align-self-md-start align-self-start\">\n                <!----><\/p>\n<div data-colibri-id=\"56-c5\" class=\"style-506 style-local-56-c5 position-relative h-element\">\n                  <!----><\/p>\n<div>\n\n\n<h2 class=\"wp-block-heading\" id=\"mce_1\">Le parcours de votre th\u00e9rapeute Solen Lombard<\/h2>\n\n\n\n<div class=\"wp-block-media-text is-stacked-on-mobile\" style=\"grid-template-columns:24% auto\"><figure class=\"wp-block-media-text__media\"><img decoding=\"async\" src=\"https:\/\/web.archive.org\/web\/20230929025736im_\/https:\/\/solen-lombard.fr\/wp-content\/uploads\/2019\/04\/Photo-Solen-Lombard-psy-768x1024.jpg\" alt=\"Photo Solen Lombard psy analyste psycho-organique\" class=\"wp-image-391 size-full\"\/><\/figure><div class=\"wp-block-media-text__content\">\n<div class=\"wp-block-group is-vertical is-layout-flex wp-container-core-group-is-layout-8cf370e7 wp-block-group-is-layout-flex\">\n<p><strong>Solen Lombard, <\/strong><\/p>\n\n\n\n<p>Analyste Psycho-Organique<\/p>\n\n\n\n<p>Titulaire du Certificat Europ\u00e9en de Psychoth\u00e9rapie (CEP)<\/p>\n<\/div>\n\n\n\n<p>Sp\u00e9cialisations : <\/p>\n\n\n\n<ul class=\"wp-block-list\">\n<li>Psychotraumatismes<\/li>\n\n\n\n<li>P\u00e9rinatalit\u00e9 <\/li>\n\n\n\n<li>Psychoth\u00e9rapie de l&#8217;enfant, de l&#8217;adolescent et de leurs parents<\/li>\n\n\n\n<li>Eco-psychoth\u00e9rapie<\/li>\n<\/ul>\n\n\n\n<p><\/p>\n<\/div><\/div>\n\n\n\n<p>Dans mon m\u00e9tier de th\u00e9rapeute Analyste Psycho-Organique j\u2019ai une sensibilit\u00e9 particuli\u00e8re pour&nbsp;<strong>accompagner les passages de vie.&nbsp;<\/strong>Cela peut \u00eatre tous les passages symboliques de vie, avec leurs&nbsp;<strong>nombreuses opportunit\u00e9s de renaissance.&nbsp;<\/strong>Parmi\n                      lesquels le grand chamboulement de<strong>&nbsp;l\u2019adolescence<\/strong>, les<strong>&nbsp;reconversions<\/strong>, les&nbsp;<strong>changements de vie<\/strong>, l\u2019arriv\u00e9e dans un&nbsp;<strong>nouveau territoire<\/strong>, la&nbsp;<strong>construction de sa famille<\/strong>.\n                      Ou encore la pr\u00e9paration de sa&nbsp;<strong>retraite<\/strong>, les p\u00e9riodes de<strong>&nbsp;ch\u00f4mage<\/strong>, les travers\u00e9es de&nbsp;<strong>maladies<\/strong>, de&nbsp;<strong>deuil,<\/strong>&nbsp;de&nbsp;<strong>burn-out.<\/strong>..\n                      Ou bien aussi, plus particuli\u00e8rement, les&nbsp;<strong>diff\u00e9rents chemins vers la parentalit\u00e9 (PMA, adoption,\u2026)<\/strong>, jusqu\u2019\u00e0 l\u2019<strong>arriv\u00e9e des b\u00e9b\u00e9s et le lien parent\/enfant, m\u00e8re\/b\u00e9b\u00e9<\/strong>. Tous ces passages o\u00f9 :<\/p>\n\n\n\n<ul class=\"wp-block-list\">\n<li>les rep\u00e8res sont bouscul\u00e9s,<\/li>\n\n\n\n<li>les freins et les peurs peuvent paralyser<\/li>\n\n\n\n<li>les doutes sur soi et en l\u2019avenir peuvent g\u00e9n\u00e9rer des angoisses.<\/li>\n\n\n\n<li>les traumatismes peuvent refaire surface&#8230; avec leurs sympt\u00f4mes et comportements impactant sur le quotidien et les relations. <\/li>\n<\/ul>\n\n\n\n<p>Mon parcours de vie m\u2019a aussi amen\u00e9e \u00e0&nbsp;<strong>accompagner les femmes dans le v\u00e9cu de leur f\u00e9minit\u00e9<\/strong>. Je m\u2019int\u00e9resse particuli\u00e8rement \u00e0 l\u2019essor actuel des mouvements f\u00e9minins, au coeur du f\u00e9minin sacr\u00e9 et des cercles de\n                      femmes, mais aussi des&nbsp;<strong>nouvelles approches de la masculinit\u00e9<\/strong>&nbsp;et de la remise en cause du mythe de la virilit\u00e9.<\/p>\n\n\n\n<p>Passionn\u00e9e de sociologie,&nbsp;<strong>je suis particuli\u00e8rement attentive \u00e0 l\u2019\u00e9volution de l\u2019Humanit\u00e9 et de nos soci\u00e9t\u00e9s. Et des impacts que cela a sur nos vies psychiques.<\/strong><\/p>\n\n\n\n<h3 class=\"wp-block-heading\">Un engagement professionnel tourn\u00e9 vers l\u2019humain<\/h3>\n\n\n\n<p>Mon m\u00e9tier de th\u00e9rapeute en Analyse Psycho-Organique (form\u00e9e \u00e0 l\u2019\n                      <a href=\"https:\/\/www.efapo.fr\/\" target=\"_blank\" rel=\"noreferrer noopener\">EFAPO<\/a>) est une reconversion, ou plut\u00f4t une \u00e9volution. Avant cela, j\u2019ai eu&nbsp;\n                      <a href=\"https:\/\/www.linkedin.com\/in\/solen-lombard\/\" target=\"_blank\" rel=\"noreferrer noopener\">15 ann\u00e9es d\u2019exp\u00e9rience professionnelle<\/a> dans les secteurs de la&nbsp;<strong>communication &amp; de la Responsabilit\u00e9 Soci\u00e9tale des Entreprises<\/strong>. Engag\u00e9e dans le milieu associatif, et particuli\u00e8rement de l\u2019<strong>entrepreneuriat social et de l\u2019engagement citoyen<\/strong>,\n                      j\u2019ai toujours eu \u00e0 c\u0153ur d\u2019agir selon mes valeurs, toujours plus pr\u00e8s de l\u2019humain. <\/p>\n\n\n\n<p>Je compl\u00e8te r\u00e9guli\u00e8rement ma pratique de<strong>&nbsp;sp\u00e9cialisations<\/strong>. Comme pour accompagner les&nbsp;<strong>enfants, les adolescents et leurs parents<\/strong>&nbsp;; ou encore la pratique de la&nbsp;<strong><a href=\"https:\/\/solen-lombard.fr\/index.php\/solen-lombard-a-propos\/eco-psychotherapie\/\">psychoth\u00e9rapie en nature<\/a>,<\/strong>&nbsp;avec\n                      des s\u00e9ances en for\u00eat. Ou avec la\n                      <a href=\"https:\/\/pns-mooc.com\/fr\/mooc\/25\/presentation\">formation en sant\u00e9 mentale p\u00e9rinatale de l&#8217;EPSM<\/a> de Lille.Et dans l&#8217;<strong>accompagnement des psycho-traumatismes <\/strong>avec les transmissions du mod\u00e8le de\n                      <a href=\"https:\/\/quantum-way.com\/catalogue\/certification-modele-tist-janina-fisher\/\">stabilisation du traumatisme et de sortie de la dissociation traumatique TIST (c) de Janina Fisher<\/a> ; et le\n                      <a href=\"http:\/\/annemichelpsy.free.fr\/annemichelformations.html\">REDAMC (c) (R\u00eave Eveill\u00e9 Dirig\u00e9 \u00e0 M\u00e9diation Corporelle) d&#8217;Anne Michel<\/a>, m\u00e9thode de d\u00e9sensibilisation du psychotraumatisme par le d\u00e9figement de la m\u00e9moire corporelle, par une mise en oeuvre psycho-organique. <\/p>\n\n\n\n<p><strong>Titulaire du Certificat Europ\u00e9en de Psychoth\u00e9rapie (CEP)<\/strong>, je suis l&#8217;autrice d&#8217;un dossier de recherche th\u00e9orico-clinique : &#8220;<strong>Les conflits psycho-organiques du d\u00e9sir &#8211; ou non &#8211; d&#8217;enfant<\/strong>. <em>IVG, Fausses Couches Multiples, PMA : l&#8217;accompagnement des troubles pr\u00e9-conceptionnels<\/em>&#8220;.\n                      <\/p>\n\n\n\n<h2 class=\"wp-block-heading\">L\u2019approche th\u00e9rapeutique de votre psy Solen Lombard<\/h2>\n\n\n\n<p>Je vous accompagne de tout mon \u00eatre, \u00e0 partir de qui je suis, en m\u2019appuyant sur mes valeurs fondamentales :<\/p>\n\n\n\n<ul class=\"wp-block-list\">\n<li><strong>Douceur<\/strong>&nbsp;et&nbsp;<strong>bienveillance<\/strong>&nbsp;pour&nbsp;<strong>vous accueillir tel.le que vous \u00eates<\/strong>, l\u00e0 o\u00f9 vous en \u00eates dans votre vie.<\/li>\n\n\n\n<li>Respect de la&nbsp;<strong>singularit\u00e9&nbsp;<\/strong>de chacun. J\u2019ai une profonde admiration pour les&nbsp;<strong>chemins de vie.&nbsp;<\/strong>Je suis \u00e9merveill\u00e9e par les ressources que chacun met en oeuvre dans son parcours de\n                        vie. Vous laissant les r\u00eanes de votre vie, je vous suis dans les chemins que vous empruntez, dans les choix que vous faites. Vous \u00eates le\/la seul\/e acteur\/trice de votre vie.<\/li>\n\n\n\n<li>Oui \u00e0 la&nbsp;<strong>cr\u00e9ativit\u00e9<\/strong>&nbsp;sous toutes ses formes d\u2019expression. Sans recherche artistique ou esth\u00e9tique, j\u2019aime r\u00e9concilier chacun \u00e0 ses facult\u00e9s que tout enfant a en lui de jouer, dessiner, danser, chanter, cuisiner,\n                        juste pour le plaisir de vivre, de bouger, de r\u00e9aliser, de transformer la mati\u00e8re. Chaque \u00eatre est dot\u00e9 de cr\u00e9ativit\u00e9. R\u00e9veiller sa cr\u00e9ativit\u00e9, c\u2019est s\u2019entra\u00eener \u00e0 trouver de nouvelles fa\u00e7ons d\u2019agir dans la vie l\u00e0 o\u00f9 l\u2019\u00e9nergie\n                        se retrouve bloqu\u00e9e. Entra\u00eener sa cr\u00e9ativit\u00e9 c\u2019est muscler sa capacit\u00e9 de r\u00e9silience.<\/li>\n\n\n\n<li>Confiance en votre&nbsp;<strong>r\u00e9silience<\/strong>&nbsp;: cette capacit\u00e9 de chaque \u00eatre \u00e0 transformer ses \u00e9preuves en le\u00e7ons et facteurs de croissance personnelle. Si tout le monde n\u2019a pas la m\u00eame force de rebond, il est dans la\n                        nature m\u00eame de tout organisme vivant de tendre naturellement vers son \u00e9quilibre et son d\u00e9veloppement (<em>principe d\u2019hom\u00e9ostasie<\/em>). En bref, c\u2019est une&nbsp;<strong>confiance absolue en cette force de vie<\/strong>&nbsp;qui me\n                        guide dans ma pratique au quotidien.<\/li>\n<\/ul>\n\n\n\n<p>Pour en savoir plus,&nbsp;\n                      <a href=\"https:\/\/web.archive.org\/web\/20230929025736\/https:\/\/solen-lombard.fr\/les-themes-specifiques-daccompagnement-de-votre-therapeute-solen-lombard\/\" target=\"_blank\" rel=\"noreferrer noopener\">d\u00e9couvrez&nbsp;<\/a>\n                      <a href=\"https:\/\/solen-lombard.fr\/index.php\/solen-lombard-a-propos\/specialites-solen-lombard\/\">mes th\u00e8mes sp\u00e9cifiques d\u2019accompagnement<\/a>\n                      <a href=\"https:\/\/web.archive.org\/web\/20230929025736\/https:\/\/solen-lombard.fr\/les-themes-specifiques-daccompagnement-de-votre-therapeute-solen-lombard\/\" target=\"_blank\" rel=\"noreferrer noopener\"><\/a>\n                    <\/p>\n\n\n\n<h2 class=\"wp-block-heading\">Ethique d\u2019intervention<\/h2>\n\n\n\n<p>En tant qu\u2019analyste psycho-organique, j\u2019adh\u00e8re \u00e0 la&nbsp;\n                      <a href=\"https:\/\/analyse-psycho-organique.fr\/lanalyse-psycho-organique-une-methode-efficace\/la-deontologie-de-lanalyse-psycho-organique\/\" target=\"_blank\" rel=\"noreferrer noopener\">charte de d\u00e9ontologie&nbsp;<\/a>de la psychoth\u00e9rapie. Parmi ces r\u00e8gles essentielles :<\/p>\n\n\n\n<ul class=\"wp-block-list\">\n<li>la confidentialit\u00e9 et le secret professionnel,<\/li>\n\n\n\n<li>le non passage \u00e0 l\u2019acte (violence physique, acte sexuel)<\/li>\n\n\n\n<li>le respect du libre arbitre du patient.<\/li>\n\n\n\n<li>Comme tout th\u00e9rapeute en analyse psycho-organique, ma pratique est supervis\u00e9e par un th\u00e9rapeute certifi\u00e9 superviseur.<\/li>\n<\/ul>\n\n\n\n<p><strong>Je suis membre de la&nbsp;f\u00e9d\u00e9ration FF2P<\/strong>&nbsp;(F\u00e9d\u00e9ration Fran\u00e7aise de Psychoth\u00e9rapie et de Psychanalyse) et de<strong>&nbsp;la f\u00e9d\u00e9ration<\/strong> PSY APO (Soci\u00e9t\u00e9 Fran\u00e7aise des Analystes Psycho-Organique)&nbsp;<em><a href=\"https:\/\/analyse-psycho-organique.fr\/therapeutes\/solen-lombard\/\" target=\"_blank\" rel=\"noreferrer noopener\">voir le profil de Solen Lombard sur le site de PSY APO <\/a><\/em><\/p>\n\n\n\n<p>Ainsi j\u2019agis dans le souci permanent de :<\/p>\n\n\n\n<ul class=\"wp-block-list\">\n<li>Conserver&nbsp;<strong>l\u2019autonomie<\/strong>&nbsp;de chacun dans sa capacit\u00e9 \u00e0&nbsp;<strong>faire ses choix d\u2019exp\u00e9rience<\/strong>&nbsp;en toute responsabilit\u00e9.<\/li>\n\n\n\n<li>R\u00e9concilier l\u2019adulte d\u2019aujourd\u2019hui avec son&nbsp;<strong>enfant int\u00e9rieur<\/strong>, ses r\u00eaves et ses&nbsp;<strong>potentiels de r\u00e9alisation.<\/strong><\/li>\n\n\n\n<li><strong>Lib\u00e9rer l\u2019enfant et l\u2019adolescent&nbsp;<\/strong>de ce qui l\u2019emp\u00eache de d\u00e9ployer son \u00e9nergie de vie.<\/li>\n<\/ul>\n\n\n\n<h2 class=\"wp-block-heading\">Organisme de m\u00e9diation <\/h2>\n\n\n\n<p>Conform\u00e9ment aux articles L.616-1 et R.616-1\u00a0du code de la consommation, j&#8217;adh\u00e8re \u00e0 un dispositif de m\u00e9diation de la consommation. J&#8217;ai retenu l&#8217;entit\u00e9 de m\u00e9diation : MEDIATION CONSOMMATION D\u00c9VELOPPEMENT\/MED CONSO DEV. <\/p>\n\n\n\n<p>En cas de litige, vous pouvez d\u00e9poser votre r\u00e9clamation sur son site : <a href=\"https:\/\/www.medconsodev.eu\/\" target=\"_blank\" rel=\"noreferrer noopener\">https:\/\/www.medconsodev.eu<\/a><\/p>\n\n\n\n<p>ou par voie postale en \u00e9crivant \u00e0 :<\/p>\n\n\n\n<p><strong>MEDIATION CONSOMMATION D\u00c9VELOPPEMENT\/MED CONSO DEV<\/strong><br><strong>Centre d\u2019Affaires St\u00e9phanois SAS&nbsp;<\/strong><br><strong>IMMEUBLE L\u2019HORIZON \u2013 ESPLANADE DE FRANCE<\/strong><br><strong>3, RUE J. CONSTANT MILLERET \u2013 42000 SAINT-\u00c9TIENNE<\/strong><\/p>\n\n\n\n<figure class=\"wp-block-image\"><img decoding=\"async\" src=\"https:\/\/web.archive.org\/web\/20230929025736im_\/https:\/\/solen-lombard.fr\/wp-content\/uploads\/2019\/04\/Be-Yourself-everyone-else-is-already-taken-1024x576.jpg\" alt=\"Be Yourself everyone else is already taken - Photo par Solen Lombard - Citation Oscar Wilde\" class=\"wp-image-214\"\/><\/figure>\n\n\n<\/div><\/div>\n<\/p><\/div>\n<\/p><\/div>\n<\/p><\/div>\n<\/p><\/div>\n<\/p><\/div>\n<\/p><\/div>\n<\/p><\/div>\n<\/div>","protected":false},"excerpt":{"rendered":"<p>Le parcours de votre th\u00e9rapeute Solen Lombard Dans mon m\u00e9tier de th\u00e9rapeute Analyste Psycho-Organique j\u2019ai une sensibilit\u00e9 particuli\u00e8re pour&nbsp;accompagner les passages de vie.&nbsp;Cela peut \u00eatre tous les passages symboliques de vie, avec leurs&nbsp;nombreuses opportunit\u00e9s de renaissance.&nbsp;Parmi lesquels le grand chamboulement de&nbsp;l\u2019adolescence, les&nbsp;reconversions, les&nbsp;changements de vie, l\u2019arriv\u00e9e dans un&nbsp;nouveau territoire, la&nbsp;construction de sa famille. Ou encore [&hellip;]<\/p>\n","protected":false},"author":1,"featured_media":0,"parent":0,"menu_order":0,"comment_status":"closed","ping_status":"closed","template":"page-templates\/full-width-page.php","meta":{"footnotes":""},"class_list":["post-56","page","type-page","status-publish","hentry"],"yoast_head":"<!-- This site is optimized with the Yoast SEO plugin v27.4 - https:\/\/yoast.com\/product\/yoast-seo-wordpress\/ -->\n<title>Solen Lombard - A propos - Solen Lombard - Accueil<\/title>\n<meta name=\"description\" content=\"Solen Lombard, th\u00e9rapeute passionn\u00e9e et engag\u00e9e. D\u00e9couvrez son parcours, ses formations, ses valeurs, sa d\u00e9ontologie.\" \/>\n<meta name=\"robots\" content=\"index, follow, max-snippet:-1, max-image-preview:large, max-video-preview:-1\" \/>\n<link rel=\"canonical\" href=\"https:\/\/solen-lombard.fr\/index.php\/solen-lombard-a-propos\/\" \/>\n<meta property=\"og:locale\" content=\"en_US\" \/>\n<meta property=\"og:type\" content=\"article\" \/>\n<meta property=\"og:title\" content=\"Solen Lombard - A propos - Solen Lombard - Accueil\" \/>\n<meta property=\"og:description\" content=\"Solen Lombard, th\u00e9rapeute passionn\u00e9e et engag\u00e9e. D\u00e9couvrez son parcours, ses formations, ses valeurs, sa d\u00e9ontologie.\" \/>\n<meta property=\"og:url\" content=\"https:\/\/solen-lombard.fr\/index.php\/solen-lombard-a-propos\/\" \/>\n<meta property=\"og:site_name\" content=\"Solen Lombard - Accueil\" \/>\n<meta property=\"article:modified_time\" content=\"2025-12-11T23:19:46+00:00\" \/>\n<meta name=\"twitter:card\" content=\"summary_large_image\" \/>\n<meta name=\"twitter:label1\" content=\"Est. reading time\" \/>\n\t<meta name=\"twitter:data1\" content=\"6 minutes\" \/>\n<script type=\"application\/ld+json\" class=\"yoast-schema-graph\">{\"@context\":\"https:\\\/\\\/schema.org\",\"@graph\":[{\"@type\":\"WebPage\",\"@id\":\"https:\\\/\\\/solen-lombard.fr\\\/index.php\\\/solen-lombard-a-propos\\\/\",\"url\":\"https:\\\/\\\/solen-lombard.fr\\\/index.php\\\/solen-lombard-a-propos\\\/\",\"name\":\"Solen Lombard - A propos - Solen Lombard - Accueil\",\"isPartOf\":{\"@id\":\"https:\\\/\\\/solen-lombard.fr\\\/#website\"},\"primaryImageOfPage\":{\"@id\":\"https:\\\/\\\/solen-lombard.fr\\\/index.php\\\/solen-lombard-a-propos\\\/#primaryimage\"},\"image\":{\"@id\":\"https:\\\/\\\/solen-lombard.fr\\\/index.php\\\/solen-lombard-a-propos\\\/#primaryimage\"},\"thumbnailUrl\":\"https:\\\/\\\/web.archive.org\\\/web\\\/20230929025736im_\\\/https:\\\/\\\/solen-lombard.fr\\\/wp-content\\\/uploads\\\/2019\\\/04\\\/Photo-Solen-Lombard-psy-768x1024.jpg\",\"datePublished\":\"2024-09-09T20:30:15+00:00\",\"dateModified\":\"2025-12-11T23:19:46+00:00\",\"description\":\"Solen Lombard, th\u00e9rapeute passionn\u00e9e et engag\u00e9e. D\u00e9couvrez son parcours, ses formations, ses valeurs, sa d\u00e9ontologie.\",\"breadcrumb\":{\"@id\":\"https:\\\/\\\/solen-lombard.fr\\\/index.php\\\/solen-lombard-a-propos\\\/#breadcrumb\"},\"inLanguage\":\"en-US\",\"potentialAction\":[{\"@type\":\"ReadAction\",\"target\":[\"https:\\\/\\\/solen-lombard.fr\\\/index.php\\\/solen-lombard-a-propos\\\/\"]}]},{\"@type\":\"ImageObject\",\"inLanguage\":\"en-US\",\"@id\":\"https:\\\/\\\/solen-lombard.fr\\\/index.php\\\/solen-lombard-a-propos\\\/#primaryimage\",\"url\":\"https:\\\/\\\/web.archive.org\\\/web\\\/20230929025736im_\\\/https:\\\/\\\/solen-lombard.fr\\\/wp-content\\\/uploads\\\/2019\\\/04\\\/Photo-Solen-Lombard-psy-768x1024.jpg\",\"contentUrl\":\"https:\\\/\\\/web.archive.org\\\/web\\\/20230929025736im_\\\/https:\\\/\\\/solen-lombard.fr\\\/wp-content\\\/uploads\\\/2019\\\/04\\\/Photo-Solen-Lombard-psy-768x1024.jpg\"},{\"@type\":\"BreadcrumbList\",\"@id\":\"https:\\\/\\\/solen-lombard.fr\\\/index.php\\\/solen-lombard-a-propos\\\/#breadcrumb\",\"itemListElement\":[{\"@type\":\"ListItem\",\"position\":1,\"name\":\"Accueil\",\"item\":\"https:\\\/\\\/solen-lombard.fr\\\/\"},{\"@type\":\"ListItem\",\"position\":2,\"name\":\"Solen Lombard &#8211; A propos\"}]},{\"@type\":\"WebSite\",\"@id\":\"https:\\\/\\\/solen-lombard.fr\\\/#website\",\"url\":\"https:\\\/\\\/solen-lombard.fr\\\/\",\"name\":\"solen-lombard.fr\",\"description\":\"Un site utilisant WordPress\",\"publisher\":{\"@id\":\"https:\\\/\\\/solen-lombard.fr\\\/#organization\"},\"potentialAction\":[{\"@type\":\"SearchAction\",\"target\":{\"@type\":\"EntryPoint\",\"urlTemplate\":\"https:\\\/\\\/solen-lombard.fr\\\/?s={search_term_string}\"},\"query-input\":{\"@type\":\"PropertyValueSpecification\",\"valueRequired\":true,\"valueName\":\"search_term_string\"}}],\"inLanguage\":\"en-US\"},{\"@type\":\"Organization\",\"@id\":\"https:\\\/\\\/solen-lombard.fr\\\/#organization\",\"name\":\"EI Solen Lombard Psychoth\u00e9rapie\",\"url\":\"https:\\\/\\\/solen-lombard.fr\\\/\",\"logo\":{\"@type\":\"ImageObject\",\"inLanguage\":\"en-US\",\"@id\":\"https:\\\/\\\/solen-lombard.fr\\\/#\\\/schema\\\/logo\\\/image\\\/\",\"url\":\"https:\\\/\\\/solen-lombard.fr\\\/wp-content\\\/uploads\\\/2025\\\/02\\\/Solen-Lombard.png\",\"contentUrl\":\"https:\\\/\\\/solen-lombard.fr\\\/wp-content\\\/uploads\\\/2025\\\/02\\\/Solen-Lombard.png\",\"width\":500,\"height\":500,\"caption\":\"EI Solen Lombard Psychoth\u00e9rapie\"},\"image\":{\"@id\":\"https:\\\/\\\/solen-lombard.fr\\\/#\\\/schema\\\/logo\\\/image\\\/\"},\"sameAs\":[\"https:\\\/\\\/www.linkedin.com\\\/in\\\/solen-lombard\\\/\"]}]}<\/script>\n<!-- \/ Yoast SEO plugin. -->","yoast_head_json":{"title":"Solen Lombard - A propos - Solen Lombard - Accueil","description":"Solen Lombard, th\u00e9rapeute passionn\u00e9e et engag\u00e9e. D\u00e9couvrez son parcours, ses formations, ses valeurs, sa d\u00e9ontologie.","robots":{"index":"index","follow":"follow","max-snippet":"max-snippet:-1","max-image-preview":"max-image-preview:large","max-video-preview":"max-video-preview:-1"},"canonical":"https:\/\/solen-lombard.fr\/index.php\/solen-lombard-a-propos\/","og_locale":"en_US","og_type":"article","og_title":"Solen Lombard - A propos - Solen Lombard - Accueil","og_description":"Solen Lombard, th\u00e9rapeute passionn\u00e9e et engag\u00e9e. D\u00e9couvrez son parcours, ses formations, ses valeurs, sa d\u00e9ontologie.","og_url":"https:\/\/solen-lombard.fr\/index.php\/solen-lombard-a-propos\/","og_site_name":"Solen Lombard - Accueil","article_modified_time":"2025-12-11T23:19:46+00:00","twitter_card":"summary_large_image","twitter_misc":{"Est. reading time":"6 minutes"},"schema":{"@context":"https:\/\/schema.org","@graph":[{"@type":"WebPage","@id":"https:\/\/solen-lombard.fr\/index.php\/solen-lombard-a-propos\/","url":"https:\/\/solen-lombard.fr\/index.php\/solen-lombard-a-propos\/","name":"Solen Lombard - A propos - Solen Lombard - Accueil","isPartOf":{"@id":"https:\/\/solen-lombard.fr\/#website"},"primaryImageOfPage":{"@id":"https:\/\/solen-lombard.fr\/index.php\/solen-lombard-a-propos\/#primaryimage"},"image":{"@id":"https:\/\/solen-lombard.fr\/index.php\/solen-lombard-a-propos\/#primaryimage"},"thumbnailUrl":"https:\/\/web.archive.org\/web\/20230929025736im_\/https:\/\/solen-lombard.fr\/wp-content\/uploads\/2019\/04\/Photo-Solen-Lombard-psy-768x1024.jpg","datePublished":"2024-09-09T20:30:15+00:00","dateModified":"2025-12-11T23:19:46+00:00","description":"Solen Lombard, th\u00e9rapeute passionn\u00e9e et engag\u00e9e. D\u00e9couvrez son parcours, ses formations, ses valeurs, sa d\u00e9ontologie.","breadcrumb":{"@id":"https:\/\/solen-lombard.fr\/index.php\/solen-lombard-a-propos\/#breadcrumb"},"inLanguage":"en-US","potentialAction":[{"@type":"ReadAction","target":["https:\/\/solen-lombard.fr\/index.php\/solen-lombard-a-propos\/"]}]},{"@type":"ImageObject","inLanguage":"en-US","@id":"https:\/\/solen-lombard.fr\/index.php\/solen-lombard-a-propos\/#primaryimage","url":"https:\/\/web.archive.org\/web\/20230929025736im_\/https:\/\/solen-lombard.fr\/wp-content\/uploads\/2019\/04\/Photo-Solen-Lombard-psy-768x1024.jpg","contentUrl":"https:\/\/web.archive.org\/web\/20230929025736im_\/https:\/\/solen-lombard.fr\/wp-content\/uploads\/2019\/04\/Photo-Solen-Lombard-psy-768x1024.jpg"},{"@type":"BreadcrumbList","@id":"https:\/\/solen-lombard.fr\/index.php\/solen-lombard-a-propos\/#breadcrumb","itemListElement":[{"@type":"ListItem","position":1,"name":"Accueil","item":"https:\/\/solen-lombard.fr\/"},{"@type":"ListItem","position":2,"name":"Solen Lombard &#8211; A propos"}]},{"@type":"WebSite","@id":"https:\/\/solen-lombard.fr\/#website","url":"https:\/\/solen-lombard.fr\/","name":"solen-lombard.fr","description":"Un site utilisant WordPress","publisher":{"@id":"https:\/\/solen-lombard.fr\/#organization"},"potentialAction":[{"@type":"SearchAction","target":{"@type":"EntryPoint","urlTemplate":"https:\/\/solen-lombard.fr\/?s={search_term_string}"},"query-input":{"@type":"PropertyValueSpecification","valueRequired":true,"valueName":"search_term_string"}}],"inLanguage":"en-US"},{"@type":"Organization","@id":"https:\/\/solen-lombard.fr\/#organization","name":"EI Solen Lombard Psychoth\u00e9rapie","url":"https:\/\/solen-lombard.fr\/","logo":{"@type":"ImageObject","inLanguage":"en-US","@id":"https:\/\/solen-lombard.fr\/#\/schema\/logo\/image\/","url":"https:\/\/solen-lombard.fr\/wp-content\/uploads\/2025\/02\/Solen-Lombard.png","contentUrl":"https:\/\/solen-lombard.fr\/wp-content\/uploads\/2025\/02\/Solen-Lombard.png","width":500,"height":500,"caption":"EI Solen Lombard Psychoth\u00e9rapie"},"image":{"@id":"https:\/\/solen-lombard.fr\/#\/schema\/logo\/image\/"},"sameAs":["https:\/\/www.linkedin.com\/in\/solen-lombard\/"]}]}},"_links":{"self":[{"href":"https:\/\/solen-lombard.fr\/index.php\/wp-json\/wp\/v2\/pages\/56","targetHints":{"allow":["GET"]}}],"collection":[{"href":"https:\/\/solen-lombard.fr\/index.php\/wp-json\/wp\/v2\/pages"}],"about":[{"href":"https:\/\/solen-lombard.fr\/index.php\/wp-json\/wp\/v2\/types\/page"}],"author":[{"embeddable":true,"href":"https:\/\/solen-lombard.fr\/index.php\/wp-json\/wp\/v2\/users\/1"}],"replies":[{"embeddable":true,"href":"https:\/\/solen-lombard.fr\/index.php\/wp-json\/wp\/v2\/comments?post=56"}],"version-history":[{"count":3,"href":"https:\/\/solen-lombard.fr\/index.php\/wp-json\/wp\/v2\/pages\/56\/revisions"}],"predecessor-version":[{"id":540,"href":"https:\/\/solen-lombard.fr\/index.php\/wp-json\/wp\/v2\/pages\/56\/revisions\/540"}],"wp:attachment":[{"href":"https:\/\/solen-lombard.fr\/index.php\/wp-json\/wp\/v2\/media?parent=56"}],"curies":[{"name":"wp","href":"https:\/\/api.w.org\/{rel}","templated":true}]}}