{"id":60,"date":"2024-09-09T22:36:23","date_gmt":"2024-09-09T20:36:23","guid":{"rendered":"https:\/\/solen-lombard.fr\/?page_id=60"},"modified":"2025-12-11T23:58:54","modified_gmt":"2025-12-11T22:58:54","slug":"lanalyse-psycho-organique","status":"publish","type":"page","link":"https:\/\/solen-lombard.fr\/index.php\/solen-lombard-a-propos\/lanalyse-psycho-organique\/","title":{"rendered":"L\u2019Analyse Psycho-Organique"},"content":{"rendered":"\n<h2 class=\"wp-block-heading\">Histoire de l\u2019Analyse Psycho-Organique<\/h2>\n\n\n\n<p>L\u2019Analyse Psycho-Organique (APO) est une m\u00e9thode de th\u00e9rapie analytique et psycho-corporelle, premi\u00e8rement\u00a0<strong>d\u00e9velopp\u00e9e par Paul Boyesen<\/strong>\u00a0d\u00e8s les ann\u00e9es 1970. Adoss\u00e9e aux trois grandes\u00a0<strong>psychanalyses<\/strong>, celles de Freud, de Jung et de Reich mais aussi \u00e0 l\u2019<strong>approche humaniste<\/strong>\u00a0existentielle, l\u2019APO constitue une synth\u00e8se originale de ces divers courants. D\u00e8s sa conception initiale, Paul Boyesen a avant tout su cr\u00e9er des mod\u00e8les originaux donnant \u00e0 l\u2019APO sa coh\u00e9rence et sa singularit\u00e9. Comme l\u2019illustre l\u2019<a href=\"https:\/\/www.psychologies.com\/Therapies\/Toutes-les-therapies\/Psychotherapies\/Articles-et-Dossiers\/L-analyse-psycho-organique-une-therapie-du-corps-et-de-l-esprit\" target=\"_blank\" rel=\"noreferrer noopener\">article de Psychologies Magazine<\/a><\/p>\n\n\n\n<p><em>C\u2019est aujourd\u2019hui la 3\u00e8me m\u00e9thode* en terme de nombre de praticiens r\u00e9f\u00e9renc\u00e9s \u00e0 la F\u00e9d\u00e9ration Fran\u00e7aise de Psychanalyse et de Psychoth\u00e9rapie, avec plus de 1000 th\u00e9rapeutes form\u00e9s. Et avec un d\u00e9ploiement international particuli\u00e8rement dynamique au Liban, au Br\u00e9sil, et en Suisse<\/em>.<\/p>\n\n\n\n<p><em>*Juste apr\u00e8s les psychanalystes et les gestalt th\u00e9rapeutes.<\/em><\/p>\n\n\n\n<figure class=\"wp-block-image\"><img decoding=\"async\" src=\"https:\/\/web.archive.org\/web\/20230929033618im_\/https:\/\/solen-lombard.fr\/wp-content\/uploads\/2019\/03\/L-analyse-psycho-organique-livre.jpg\" alt=\"Livre Analyse Psycho-Organique\" class=\"wp-image-163\"\/><\/figure>\n\n\n\n<p>\u201c<em>Cette m\u00e9thode originale, synth\u00e8se des psychanalyses et des psychoth\u00e9rapies humanistes psycho-corporelles travaille avec des concepts originaux, permettant de comprendre le fonctionnement de l\u2019entit\u00e9 psycho-organique que constitue l\u2019\u00eatre humain. Elle constitue une m\u00e9thode th\u00e9rapeutique riche et diversifi\u00e9e pouvant s\u2019adresser au corps, au psychisme, ou \u00e0 l\u2019espace interm\u00e9diaire psycho-organique que nous appelons l\u2019espace de la \u00ab&nbsp;connexion organique&nbsp;\u00bb. Eric Champ, Anne Fraisse, et Marc Toquet \u2013 auteurs de \u00ab&nbsp;L\u2019analyse Psycho-Organique, les voies corporelles d\u2019une psychanalyse&nbsp;\u00bb \u2013 Edition L\u2019Harmattan<\/em><strong>&nbsp;(sourc<\/strong>e :&nbsp;<a href=\"http:\/\/analysepsychoorganiquepsychanalyse.com\">http:\/\/analysepsychoorganiquepsychanalyse.com<\/a>)<\/p>\n\n\n\n<blockquote class=\"wp-block-quote is-layout-flow wp-block-quote-is-layout-flow\">\n<p><strong>D\u00e9finition du dictionnaire de Psychiatrie, Psychoth\u00e9rapie et Psychologie M\u00e9dicale&nbsp;<\/strong>: \u00ab&nbsp;<em>Analyse Psycho-Organique : nouvelle approche th\u00e9rapeutique reprenant des \u00e9l\u00e9ments des psychanalyses freudienne et jungienne et ce qui se r\u00e9f\u00e8re au corps dans les th\u00e9ories de W. Reich. Paul C. Boyesen a int\u00e9gr\u00e9 ces \u00e9l\u00e9ments depuis 1970 en une th\u00e9orie coh\u00e9rente qui a men\u00e9 \u00e0 une approche th\u00e9rapeutique concr\u00e8te.<\/em>&nbsp;\u00bb.Prof. Dr. Uwe Henrik Peters ; Dictionnaire de Psychiatrie, Psychoth\u00e9rapie et Psychologie M\u00e9dicale ; Urban und Schwarzenberg ; M\u00fcnchen, Wien ; 5th ed. 1999, 1st ed. 1974. (source :&nbsp;<a href=\"http:\/\/analysepsychoorganiquepsychanalyse.com\">http:\/\/analysepsychoorganiquepsychanalyse.com<\/a>)<\/p>\n<\/blockquote>\n\n\n\n<h4 class=\"wp-block-heading\">Pour en savoir plus :<\/h4>\n\n\n\n<p>Lire le chapitre consacr\u00e9 \u00e0 l\u2019APO dans l\u2019ouvrage&nbsp;<a href=\"https:\/\/www.fnac.com\/a12611632\/JEAN-LUC-COLIA-Ma-bible-des-psychotherapies\" target=\"_blank\" rel=\"noreferrer noopener\">\u00ab&nbsp;Ma bible des psychoth\u00e9rapies&nbsp;\u00bb&nbsp;<\/a>(Editions le Duc)<\/p>\n\n\n\n<ul class=\"wp-block-list\">\n<li>Pr\u00e9sentation de l\u2019APO \u00e0 partir d\u2019un cas clinique.&nbsp;<a href=\"http:\/\/www.youtube.com\/watch?v=nzdDQ2E6bBo\" target=\"_blank\" rel=\"noreferrer noopener\">Vid\u00e9o de la conf\u00e9rence de Marc Toquet<\/a>, Analyste Psycho-Organique et Formateur \u00ab&nbsp;<em>Libre d\u2019\u00eatre moi-m\u00eame. Libre de cr\u00e9er ce que je sais \u00eatre capable de cr\u00e9er<\/em>\u00ab&nbsp;. (novembre 2015)<\/li>\n\n\n\n<li><a href=\"http:\/\/www.youtube.com\/watch?v=dx_95QkY81A\" target=\"_blank\" rel=\"noreferrer noopener\">T\u00e9moignage d\u2019une patiente : Emmeline Sion, auteure du livre \u00ab&nbsp;M\u00e9tamorph\u2019OSE&nbsp;\u00bb<\/a>&nbsp;Echange vid\u00e9o avec sa th\u00e9rapeute sur son parcours en Analyse Psycho-Organique.<\/li>\n<\/ul>\n\n\n\n<p><a href=\"https:\/\/www.youtube.com\/playlist?list=PL24WP_UxGi6Ml_jkOXKTsW8Y-vF3oQxLn\" target=\"_blank\" rel=\"noreferrer noopener\">Acc\u00e9dez \u00e0 la cha\u00eene youtube de l\u2019Analyse Psycho-Organique pour d\u00e9couvrir d\u2019autres vid\u00e9os<\/a>. Comme par exemple des pr\u00e9sentations de th\u00e8mes sp\u00e9cifiques travaill\u00e9s par des th\u00e9rapeutes APO<\/p>\n\n\n\n<h2 class=\"wp-block-heading\">Les atouts et sp\u00e9cificit\u00e9s de l\u2019Analyse Psycho-Organique<\/h2>\n\n\n\n<p>Par l\u2019\u00e9coute et la mobilisation permanente des&nbsp;<strong>pens\u00e9es, des \u00e9motions et des sensations<\/strong>, la th\u00e9rapie en analyse psycho-organique&nbsp;<strong>remet en circulation l\u2019\u00e9nergie vitale<\/strong>&nbsp;avec tous ses potentiels de r\u00e9alisations. L\u00e0 o\u00f9 l\u2019\u00e9nergie s\u2019est bloqu\u00e9e, m\u00eame sans souvenirs conscients, l\u2019APO offre un chemin de lib\u00e9ration en se mettant \u00e0 l\u2019\u00e9coute des m\u00e9moires inscrites dans le corps. Ces m\u00e9moires s\u2019expriment par nos postures, par nos mouvements r\u00e9flexes, par nos maladies (mal \u00e0 dit)\u2026&nbsp;<strong>Nos cellules portent en elles toutes les traces de notre existence<\/strong>. En faisant&nbsp;<strong>confiance \u00e0 l\u2019intelligence du corps<\/strong>, le th\u00e9rapeute se fait l\u2019alli\u00e9 du mouvement de vie qui ne demande qu\u2019\u00e0 retrouver son chemin naturel.<\/p>\n\n\n\n<figure class=\"wp-block-image is-resized\"><img decoding=\"async\" src=\"https:\/\/web.archive.org\/web\/20230929033618im_\/https:\/\/solen-lombard.fr\/wp-content\/uploads\/2019\/05\/Raconte-moi-ta-naissance-livre-APO-Claire-dhennezel-.jpg\" alt=\"Raconte-moi-ta-naissance-livre-APO-Claire-dHennezel-Alphee\" class=\"wp-image-488\" style=\"width:193px;height:auto\"\/><\/figure>\n\n\n\n<p>L\u2019analyse psycho-organique (APO) permet notamment de pouvoir&nbsp;<strong>r\u00e9parer les blessures tr\u00e8s archa\u00efques&nbsp;<\/strong>du v\u00e9cu parfois traumatisants des premiers mois de la vie, voire de la vie intra-ut\u00e9rine. En retrouvant s\u00e9curit\u00e9 et amour inconditionnel dans l\u2019espace de la th\u00e9rapie, le b\u00e9b\u00e9 int\u00e9rieur qui continue de vivre en chacun de nous, peut&nbsp;<strong>reprogrammer les bases de son existence<\/strong>. Une \u00e9tape essentielle consiste \u00e0 prendre&nbsp;<strong>conscience de ses contrats initiaux faits avec la vie<\/strong>, qui se retrouvent dans nos fa\u00e7ons d\u2019incarner chacun de nos projets. Il devient possible de les transformer d\u00e8s lors qu\u2019ils sont devenus sources de souffrance.<\/p>\n\n\n\n<blockquote class=\"wp-block-quote is-layout-flow wp-block-quote-is-layout-flow\">\n<p>Vous voulez savoir comment se passe concr\u00e8tement une th\u00e9rapie en APO ? Consultez la page&nbsp;<a href=\"https:\/\/solen-lombard.fr\/index.php\/rendezvous\/deroule-dune-therapie\/\" target=\"_blank\" data-type=\"page\" data-id=\"84\" rel=\"noreferrer noopener\">comment se d\u00e9roule une th\u00e9rapie en Analyse Psycho-Organique<\/a>.<\/p>\n<\/blockquote>\n\n\n\n<h2 class=\"wp-block-heading\">R\u00e9f\u00e9rences sur l\u2019Analyse Psycho-Organique<\/h2>\n\n\n\n<h3 class=\"wp-block-heading\"><strong>Le cadre europ\u00e9en de la pratique en Analyse Psycho-Organique<\/strong><\/h3>\n\n\n\n<p>Les th\u00e9rapeutes praticiens de psychoth\u00e9rapie en APO, aussi appel\u00e9s \u201cAnalystes Psycho-Organiques\u201d exercent dans le cadre du CEP (Certificat Europ\u00e9en de Psychoth\u00e9rapie)*. Ils doivent par cons\u00e9quent r\u00e9pondre \u00e0 ses crit\u00e8res d\u2019obtention et \u00eatre en conformit\u00e9 avec son code de d\u00e9ontologie pour pouvoir exercer.<\/p>\n\n\n\n<p>Parmi ces crit\u00e8res essentiels, nous consid\u00e9rons par exemple :<\/p>\n\n\n\n<ul class=\"wp-block-list\">\n<li>l\u2019exigence d\u2019avoir suivi une th\u00e9rapie personnelle (au moins 3 ans avant, et aussi tout au long de la formation)<\/li>\n\n\n\n<li>la supervision mensuelle tout au long de sa pratique professionnelle par un superviseur agr\u00e9\u00e9<\/li>\n<\/ul>\n\n\n\n<p><em>* Le CEP est un certificat cr\u00e9\u00e9 en 1997 \u00e0 Rome par l\u2019Association Europ\u00e9enne de Psychoth\u00e9rapie (EAP) pour d\u00e9finir des crit\u00e8res communs en Europe \u00e0 l\u2019exercice de la psychoth\u00e9rapie. Il garanti un niveau de formation \u00e9lev\u00e9 et comparable d\u2019un pays \u00e0 l\u2019autre. L\u2019EFAPO\u00ae (Ecole Fran\u00e7aise d\u2019Analyse Psycho Organique) a \u00e9t\u00e9 agr\u00e9\u00e9e par l\u2019EAP en tant qu\u2019Institut Europ\u00e9en de Formation \u00e0 la Psychoth\u00e9rapie (EAPTI) le 20 f\u00e9v 2004.<\/em><\/p>\n\n\n\n<h3 class=\"wp-block-heading\">La pratique de l\u2019APO en France<\/h3>\n\n\n\n<p>En France, c\u2019est la&nbsp;<strong><a href=\"http:\/\/www.ff2p.fr\/fichiers_site\/accueil\/accueil.html\" target=\"_blank\" rel=\"noreferrer noopener\">F\u00e9d\u00e9ration Fran\u00e7aise de Psychoth\u00e9rapie et de Psychanalyse (FF2P)<\/a><\/strong><a href=\"https:\/\/web.archive.org\/web\/20230929033618\/http:\/\/www.ff2p.fr\/fichiers_site\/accueil\/accueil.html\" target=\"_blank\" rel=\"noreferrer noopener\">&nbsp;<\/a>qui est l\u2019organisation nationale de repr\u00e9sentation de l\u2019EAP.<\/p>\n\n\n\n<p>Les analystes psycho-organiques adh\u00e8rent de ce fait \u00e0 la d\u00e9ontologie de cette organisation professionnelle officielle et reconnue. Le site de la FF2P poss\u00e8de en outre&nbsp;<a href=\"http:\/\/www.ff2p.fr\/fichiers_site\/registre\/registre_dep\/recherche_avancee.php\" target=\"_blank\" rel=\"noreferrer noopener\">un annuaire complet des praticiens homologu\u00e9s<\/a>.<\/p>\n\n\n\n<p>Par ailleurs, l\u2019association&nbsp;<a href=\"https:\/\/analyse-psycho-organique.fr\/\" target=\"_blank\" rel=\"noreferrer noopener\">PSY APO <\/a>, regroupement des praticiens APO, adh\u00e8re \u00e9galement \u00e0 la FF2P et en garantie entre autres le respect de la&nbsp;<strong><a href=\"https:\/\/analyse-psycho-organique.fr\/demarrer-une-psychotherapie\/#deontologie\">d\u00e9ontologie.<\/a><\/strong><\/p>\n\n\n\n<p><em>La m\u00e9thode APO est ainsi reconnue par l\u2019EAP (l\u2019Association Europ\u00e9enne de Psychoth\u00e9rapie). Mais aussi par la FF2P (F\u00e9d\u00e9ration Fran\u00e7aise de Psychoth\u00e9rapie et de Psychanalyse), et \u00e9galement par le SNPpsy (Syndicat de praticiens).<\/em><\/p>\n\n\n\n<h3 class=\"wp-block-heading\">La formation de r\u00e9f\u00e9rence en APO<\/h3>\n\n\n\n<figure class=\"wp-block-image size-large is-resized\"><img loading=\"lazy\" decoding=\"async\" width=\"1024\" height=\"724\" src=\"https:\/\/solen-lombard.fr\/wp-content\/uploads\/2024\/09\/logo-efapo-V2-1024x724.png\" alt=\"\" class=\"wp-image-156\" style=\"width:406px;height:auto\" srcset=\"https:\/\/solen-lombard.fr\/wp-content\/uploads\/2024\/09\/logo-efapo-V2-1024x724.png 1024w, https:\/\/solen-lombard.fr\/wp-content\/uploads\/2024\/09\/logo-efapo-V2-300x212.png 300w, https:\/\/solen-lombard.fr\/wp-content\/uploads\/2024\/09\/logo-efapo-V2-768x543.png 768w, https:\/\/solen-lombard.fr\/wp-content\/uploads\/2024\/09\/logo-efapo-V2-1536x1086.png 1536w, https:\/\/solen-lombard.fr\/wp-content\/uploads\/2024\/09\/logo-efapo-V2.png 1920w\" sizes=\"auto, (max-width: 1024px) 100vw, 1024px\" \/><figcaption class=\"wp-element-caption\"><a href=\"https:\/\/analyse-psycho-organique.fr\/efapo\/\" target=\"_blank\" rel=\"noreferrer noopener\">Acc\u00e9der au site de l\u2019EFAPO<\/a><\/figcaption><\/figure>\n\n\n\n<p>La formation pour devenir Analyste Psycho-Organique se d\u00e9roule sur\u00a0<strong>4 ann\u00e9es,\u00a0<\/strong>en formation continue<strong>. Soit au moins 1400h de formation dont 235h de psychopathologies<\/strong>. Elle a l\u2019originalit\u00e9 de s\u2019appuyer avant tout sur un apprentissage par des travaux pratiques et un travail exp\u00e9rientiel important. En bref, une excellente fa\u00e7on d\u2019int\u00e9grer la th\u00e9orie en la ressentant corporellement, \u00e9nerg\u00e9tiquement et \u00e9motionnellement ! <\/p>\n\n\n\n<p>De nombreuses formations compl\u00e9mentaires offrent \u00e9galement l\u2019opportunit\u00e9 aux th\u00e9rapeutes de continuer \u00e0 se sp\u00e9cialiser tout au long de leur pratique sur des th\u00e9matiques sp\u00e9cifiques.<\/p>\n\n\n\n<p>Telle celle sur l&#8217;accompagnement des <a href=\"https:\/\/solen-lombard.fr\/index.php\/solen-lombard-a-propos\/la-therapie-de-lenfant-et-de-ladolescent\/\">enfants<\/a>, adolescents et de leurs parents. Formation continue de 2 ans. <\/p>\n","protected":false},"excerpt":{"rendered":"<p>Histoire de l\u2019Analyse Psycho-Organique L\u2019Analyse Psycho-Organique (APO) est une m\u00e9thode de th\u00e9rapie analytique et psycho-corporelle, premi\u00e8rement\u00a0d\u00e9velopp\u00e9e par Paul Boyesen\u00a0d\u00e8s les ann\u00e9es 1970. Adoss\u00e9e aux trois grandes\u00a0psychanalyses, celles de Freud, de Jung et de Reich mais aussi \u00e0 l\u2019approche humaniste\u00a0existentielle, l\u2019APO constitue une synth\u00e8se originale de ces divers courants. D\u00e8s sa conception initiale, Paul Boyesen a [&hellip;]<\/p>\n","protected":false},"author":1,"featured_media":0,"parent":56,"menu_order":2,"comment_status":"closed","ping_status":"closed","template":"","meta":{"footnotes":""},"class_list":["post-60","page","type-page","status-publish","hentry"],"yoast_head":"<!-- This site is optimized with the Yoast SEO plugin v27.4 - https:\/\/yoast.com\/product\/yoast-seo-wordpress\/ -->\n<title>L\u2019Analyse Psycho-Organique - Solen Lombard - Accueil<\/title>\n<meta name=\"description\" content=\"L&#039;Analyse Psycho-Organique est une m\u00e9thode de th\u00e9rapie analytique \u00e0 m\u00e9diation corporelle, pionni\u00e8res des psychoth\u00e9rapies humanistes, affili\u00e9e \u00e0 la FF2P.\" \/>\n<meta name=\"robots\" content=\"index, follow, max-snippet:-1, max-image-preview:large, max-video-preview:-1\" \/>\n<link rel=\"canonical\" href=\"https:\/\/solen-lombard.fr\/index.php\/solen-lombard-a-propos\/lanalyse-psycho-organique\/\" \/>\n<meta property=\"og:locale\" content=\"en_US\" \/>\n<meta property=\"og:type\" content=\"article\" \/>\n<meta property=\"og:title\" content=\"L\u2019Analyse Psycho-Organique - Solen Lombard - Accueil\" \/>\n<meta property=\"og:description\" content=\"L&#039;Analyse Psycho-Organique est une m\u00e9thode de th\u00e9rapie analytique \u00e0 m\u00e9diation corporelle, pionni\u00e8res des psychoth\u00e9rapies humanistes, affili\u00e9e \u00e0 la FF2P.\" \/>\n<meta property=\"og:url\" content=\"https:\/\/solen-lombard.fr\/index.php\/solen-lombard-a-propos\/lanalyse-psycho-organique\/\" \/>\n<meta property=\"og:site_name\" content=\"Solen Lombard - Accueil\" \/>\n<meta property=\"article:modified_time\" content=\"2025-12-11T22:58:54+00:00\" \/>\n<meta name=\"twitter:card\" content=\"summary_large_image\" \/>\n<meta name=\"twitter:label1\" content=\"Est. reading time\" \/>\n\t<meta name=\"twitter:data1\" content=\"6 minutes\" \/>\n<script type=\"application\/ld+json\" class=\"yoast-schema-graph\">{\"@context\":\"https:\\\/\\\/schema.org\",\"@graph\":[{\"@type\":\"WebPage\",\"@id\":\"https:\\\/\\\/solen-lombard.fr\\\/index.php\\\/solen-lombard-a-propos\\\/lanalyse-psycho-organique\\\/\",\"url\":\"https:\\\/\\\/solen-lombard.fr\\\/index.php\\\/solen-lombard-a-propos\\\/lanalyse-psycho-organique\\\/\",\"name\":\"L\u2019Analyse Psycho-Organique - Solen Lombard - Accueil\",\"isPartOf\":{\"@id\":\"https:\\\/\\\/solen-lombard.fr\\\/#website\"},\"primaryImageOfPage\":{\"@id\":\"https:\\\/\\\/solen-lombard.fr\\\/index.php\\\/solen-lombard-a-propos\\\/lanalyse-psycho-organique\\\/#primaryimage\"},\"image\":{\"@id\":\"https:\\\/\\\/solen-lombard.fr\\\/index.php\\\/solen-lombard-a-propos\\\/lanalyse-psycho-organique\\\/#primaryimage\"},\"thumbnailUrl\":\"https:\\\/\\\/web.archive.org\\\/web\\\/20230929033618im_\\\/https:\\\/\\\/solen-lombard.fr\\\/wp-content\\\/uploads\\\/2019\\\/03\\\/L-analyse-psycho-organique-livre.jpg\",\"datePublished\":\"2024-09-09T20:36:23+00:00\",\"dateModified\":\"2025-12-11T22:58:54+00:00\",\"description\":\"L'Analyse Psycho-Organique est une m\u00e9thode de th\u00e9rapie analytique \u00e0 m\u00e9diation corporelle, pionni\u00e8res des psychoth\u00e9rapies humanistes, affili\u00e9e \u00e0 la FF2P.\",\"breadcrumb\":{\"@id\":\"https:\\\/\\\/solen-lombard.fr\\\/index.php\\\/solen-lombard-a-propos\\\/lanalyse-psycho-organique\\\/#breadcrumb\"},\"inLanguage\":\"en-US\",\"potentialAction\":[{\"@type\":\"ReadAction\",\"target\":[\"https:\\\/\\\/solen-lombard.fr\\\/index.php\\\/solen-lombard-a-propos\\\/lanalyse-psycho-organique\\\/\"]}]},{\"@type\":\"ImageObject\",\"inLanguage\":\"en-US\",\"@id\":\"https:\\\/\\\/solen-lombard.fr\\\/index.php\\\/solen-lombard-a-propos\\\/lanalyse-psycho-organique\\\/#primaryimage\",\"url\":\"https:\\\/\\\/web.archive.org\\\/web\\\/20230929033618im_\\\/https:\\\/\\\/solen-lombard.fr\\\/wp-content\\\/uploads\\\/2019\\\/03\\\/L-analyse-psycho-organique-livre.jpg\",\"contentUrl\":\"https:\\\/\\\/web.archive.org\\\/web\\\/20230929033618im_\\\/https:\\\/\\\/solen-lombard.fr\\\/wp-content\\\/uploads\\\/2019\\\/03\\\/L-analyse-psycho-organique-livre.jpg\"},{\"@type\":\"BreadcrumbList\",\"@id\":\"https:\\\/\\\/solen-lombard.fr\\\/index.php\\\/solen-lombard-a-propos\\\/lanalyse-psycho-organique\\\/#breadcrumb\",\"itemListElement\":[{\"@type\":\"ListItem\",\"position\":1,\"name\":\"Accueil\",\"item\":\"https:\\\/\\\/solen-lombard.fr\\\/\"},{\"@type\":\"ListItem\",\"position\":2,\"name\":\"Solen Lombard &#8211; A propos\",\"item\":\"https:\\\/\\\/solen-lombard.fr\\\/index.php\\\/solen-lombard-a-propos\\\/\"},{\"@type\":\"ListItem\",\"position\":3,\"name\":\"L\u2019Analyse Psycho-Organique\"}]},{\"@type\":\"WebSite\",\"@id\":\"https:\\\/\\\/solen-lombard.fr\\\/#website\",\"url\":\"https:\\\/\\\/solen-lombard.fr\\\/\",\"name\":\"solen-lombard.fr\",\"description\":\"Un site utilisant WordPress\",\"publisher\":{\"@id\":\"https:\\\/\\\/solen-lombard.fr\\\/#organization\"},\"potentialAction\":[{\"@type\":\"SearchAction\",\"target\":{\"@type\":\"EntryPoint\",\"urlTemplate\":\"https:\\\/\\\/solen-lombard.fr\\\/?s={search_term_string}\"},\"query-input\":{\"@type\":\"PropertyValueSpecification\",\"valueRequired\":true,\"valueName\":\"search_term_string\"}}],\"inLanguage\":\"en-US\"},{\"@type\":\"Organization\",\"@id\":\"https:\\\/\\\/solen-lombard.fr\\\/#organization\",\"name\":\"EI Solen Lombard Psychoth\u00e9rapie\",\"url\":\"https:\\\/\\\/solen-lombard.fr\\\/\",\"logo\":{\"@type\":\"ImageObject\",\"inLanguage\":\"en-US\",\"@id\":\"https:\\\/\\\/solen-lombard.fr\\\/#\\\/schema\\\/logo\\\/image\\\/\",\"url\":\"https:\\\/\\\/solen-lombard.fr\\\/wp-content\\\/uploads\\\/2025\\\/02\\\/Solen-Lombard.png\",\"contentUrl\":\"https:\\\/\\\/solen-lombard.fr\\\/wp-content\\\/uploads\\\/2025\\\/02\\\/Solen-Lombard.png\",\"width\":500,\"height\":500,\"caption\":\"EI Solen Lombard Psychoth\u00e9rapie\"},\"image\":{\"@id\":\"https:\\\/\\\/solen-lombard.fr\\\/#\\\/schema\\\/logo\\\/image\\\/\"},\"sameAs\":[\"https:\\\/\\\/www.linkedin.com\\\/in\\\/solen-lombard\\\/\"]}]}<\/script>\n<!-- \/ Yoast SEO plugin. -->","yoast_head_json":{"title":"L\u2019Analyse Psycho-Organique - Solen Lombard - Accueil","description":"L'Analyse Psycho-Organique est une m\u00e9thode de th\u00e9rapie analytique \u00e0 m\u00e9diation corporelle, pionni\u00e8res des psychoth\u00e9rapies humanistes, affili\u00e9e \u00e0 la FF2P.","robots":{"index":"index","follow":"follow","max-snippet":"max-snippet:-1","max-image-preview":"max-image-preview:large","max-video-preview":"max-video-preview:-1"},"canonical":"https:\/\/solen-lombard.fr\/index.php\/solen-lombard-a-propos\/lanalyse-psycho-organique\/","og_locale":"en_US","og_type":"article","og_title":"L\u2019Analyse Psycho-Organique - Solen Lombard - Accueil","og_description":"L'Analyse Psycho-Organique est une m\u00e9thode de th\u00e9rapie analytique \u00e0 m\u00e9diation corporelle, pionni\u00e8res des psychoth\u00e9rapies humanistes, affili\u00e9e \u00e0 la FF2P.","og_url":"https:\/\/solen-lombard.fr\/index.php\/solen-lombard-a-propos\/lanalyse-psycho-organique\/","og_site_name":"Solen Lombard - Accueil","article_modified_time":"2025-12-11T22:58:54+00:00","twitter_card":"summary_large_image","twitter_misc":{"Est. reading time":"6 minutes"},"schema":{"@context":"https:\/\/schema.org","@graph":[{"@type":"WebPage","@id":"https:\/\/solen-lombard.fr\/index.php\/solen-lombard-a-propos\/lanalyse-psycho-organique\/","url":"https:\/\/solen-lombard.fr\/index.php\/solen-lombard-a-propos\/lanalyse-psycho-organique\/","name":"L\u2019Analyse Psycho-Organique - Solen Lombard - Accueil","isPartOf":{"@id":"https:\/\/solen-lombard.fr\/#website"},"primaryImageOfPage":{"@id":"https:\/\/solen-lombard.fr\/index.php\/solen-lombard-a-propos\/lanalyse-psycho-organique\/#primaryimage"},"image":{"@id":"https:\/\/solen-lombard.fr\/index.php\/solen-lombard-a-propos\/lanalyse-psycho-organique\/#primaryimage"},"thumbnailUrl":"https:\/\/web.archive.org\/web\/20230929033618im_\/https:\/\/solen-lombard.fr\/wp-content\/uploads\/2019\/03\/L-analyse-psycho-organique-livre.jpg","datePublished":"2024-09-09T20:36:23+00:00","dateModified":"2025-12-11T22:58:54+00:00","description":"L'Analyse Psycho-Organique est une m\u00e9thode de th\u00e9rapie analytique \u00e0 m\u00e9diation corporelle, pionni\u00e8res des psychoth\u00e9rapies humanistes, affili\u00e9e \u00e0 la FF2P.","breadcrumb":{"@id":"https:\/\/solen-lombard.fr\/index.php\/solen-lombard-a-propos\/lanalyse-psycho-organique\/#breadcrumb"},"inLanguage":"en-US","potentialAction":[{"@type":"ReadAction","target":["https:\/\/solen-lombard.fr\/index.php\/solen-lombard-a-propos\/lanalyse-psycho-organique\/"]}]},{"@type":"ImageObject","inLanguage":"en-US","@id":"https:\/\/solen-lombard.fr\/index.php\/solen-lombard-a-propos\/lanalyse-psycho-organique\/#primaryimage","url":"https:\/\/web.archive.org\/web\/20230929033618im_\/https:\/\/solen-lombard.fr\/wp-content\/uploads\/2019\/03\/L-analyse-psycho-organique-livre.jpg","contentUrl":"https:\/\/web.archive.org\/web\/20230929033618im_\/https:\/\/solen-lombard.fr\/wp-content\/uploads\/2019\/03\/L-analyse-psycho-organique-livre.jpg"},{"@type":"BreadcrumbList","@id":"https:\/\/solen-lombard.fr\/index.php\/solen-lombard-a-propos\/lanalyse-psycho-organique\/#breadcrumb","itemListElement":[{"@type":"ListItem","position":1,"name":"Accueil","item":"https:\/\/solen-lombard.fr\/"},{"@type":"ListItem","position":2,"name":"Solen Lombard &#8211; A propos","item":"https:\/\/solen-lombard.fr\/index.php\/solen-lombard-a-propos\/"},{"@type":"ListItem","position":3,"name":"L\u2019Analyse Psycho-Organique"}]},{"@type":"WebSite","@id":"https:\/\/solen-lombard.fr\/#website","url":"https:\/\/solen-lombard.fr\/","name":"solen-lombard.fr","description":"Un site utilisant WordPress","publisher":{"@id":"https:\/\/solen-lombard.fr\/#organization"},"potentialAction":[{"@type":"SearchAction","target":{"@type":"EntryPoint","urlTemplate":"https:\/\/solen-lombard.fr\/?s={search_term_string}"},"query-input":{"@type":"PropertyValueSpecification","valueRequired":true,"valueName":"search_term_string"}}],"inLanguage":"en-US"},{"@type":"Organization","@id":"https:\/\/solen-lombard.fr\/#organization","name":"EI Solen Lombard Psychoth\u00e9rapie","url":"https:\/\/solen-lombard.fr\/","logo":{"@type":"ImageObject","inLanguage":"en-US","@id":"https:\/\/solen-lombard.fr\/#\/schema\/logo\/image\/","url":"https:\/\/solen-lombard.fr\/wp-content\/uploads\/2025\/02\/Solen-Lombard.png","contentUrl":"https:\/\/solen-lombard.fr\/wp-content\/uploads\/2025\/02\/Solen-Lombard.png","width":500,"height":500,"caption":"EI Solen Lombard Psychoth\u00e9rapie"},"image":{"@id":"https:\/\/solen-lombard.fr\/#\/schema\/logo\/image\/"},"sameAs":["https:\/\/www.linkedin.com\/in\/solen-lombard\/"]}]}},"_links":{"self":[{"href":"https:\/\/solen-lombard.fr\/index.php\/wp-json\/wp\/v2\/pages\/60","targetHints":{"allow":["GET"]}}],"collection":[{"href":"https:\/\/solen-lombard.fr\/index.php\/wp-json\/wp\/v2\/pages"}],"about":[{"href":"https:\/\/solen-lombard.fr\/index.php\/wp-json\/wp\/v2\/types\/page"}],"author":[{"embeddable":true,"href":"https:\/\/solen-lombard.fr\/index.php\/wp-json\/wp\/v2\/users\/1"}],"replies":[{"embeddable":true,"href":"https:\/\/solen-lombard.fr\/index.php\/wp-json\/wp\/v2\/comments?post=60"}],"version-history":[{"count":0,"href":"https:\/\/solen-lombard.fr\/index.php\/wp-json\/wp\/v2\/pages\/60\/revisions"}],"up":[{"embeddable":true,"href":"https:\/\/solen-lombard.fr\/index.php\/wp-json\/wp\/v2\/pages\/56"}],"wp:attachment":[{"href":"https:\/\/solen-lombard.fr\/index.php\/wp-json\/wp\/v2\/media?parent=60"}],"curies":[{"name":"wp","href":"https:\/\/api.w.org\/{rel}","templated":true}]}}